{"id":6,"date":"2023-12-06T13:30:36","date_gmt":"2023-12-06T13:30:36","guid":{"rendered":"https:\/\/www.meridianexpress.com\/jobs\/job-openings\/"},"modified":"2024-03-06T12:54:56","modified_gmt":"2024-03-06T12:54:56","slug":"job-openings","status":"publish","type":"page","link":"https:\/\/www.meridianexpress.com\/jobs\/","title":{"rendered":""},"content":{"rendered":"<style>\/*! elementor - v3.18.0 - 06-12-2023 *\/\n.elementor-widget-image{text-align:center}.elementor-widget-image a{display:inline-block}.elementor-widget-image a img[src$=\".svg\"]{width:48px}.elementor-widget-image img{vertical-align:middle;display:inline-block}<\/style>\n<p>\t\t\t\t\t\t\t\t\t\t\t\t<img fetchpriority=\"high\" decoding=\"async\" width=\"1906\" height=\"736\" src=\"http:\/\/www.meridianexpress.com\/jobs\/wp-content\/uploads\/2023\/12\/Baner_apliko_web-002.png\" alt=\"\" srcset=\"https:\/\/www.meridianexpress.com\/jobs\/wp-content\/uploads\/2023\/12\/Baner_apliko_web-002.png 1906w, https:\/\/www.meridianexpress.com\/jobs\/wp-content\/uploads\/2023\/12\/Baner_apliko_web-002-300x116.png 300w, https:\/\/www.meridianexpress.com\/jobs\/wp-content\/uploads\/2023\/12\/Baner_apliko_web-002-1024x395.png 1024w, https:\/\/www.meridianexpress.com\/jobs\/wp-content\/uploads\/2023\/12\/Baner_apliko_web-002-768x297.png 768w, https:\/\/www.meridianexpress.com\/jobs\/wp-content\/uploads\/2023\/12\/Baner_apliko_web-002-1536x593.png 1536w, https:\/\/www.meridianexpress.com\/jobs\/wp-content\/uploads\/2023\/12\/Baner_apliko_web-002-600x232.png 600w\" sizes=\"(max-width: 1906px) 100vw, 1906px\" \/>\t\t\t\t\t\t\t\t\t\t\t\t\t\t\t<\/p>\n\t<div class=\"awsm-job-wrap\">\n\n\t\t<div class=\"awsm-filter-wrap awsm-no-search-filter-wrap\"><form action=\"https:\/\/www.meridianexpress.com\/jobs\/wp-admin\/admin-ajax.php\" method=\"POST\"><a href=\"#\" class=\"awsm-filter-toggle\" role=\"button\" aria-pressed=\"false\"><span class=\"awsm-filter-toggle-text-wrapper\">Filter by<\/span><svg width=\"100\" height=\"100\" viewBox=\"0 0 100 100\" xmlns=\"http:\/\/www.w3.org\/2000\/svg\" version=\"1.1\" preserveAspectRatio=\"xMinYMin\"><path xmlns=\"http:\/\/www.w3.org\/2000\/svg\" fill=\"rgb(9.803922%,9.803922%,9.803922%)\" d=\"M 36.417969 19.9375 L 36.417969 17.265625 C 36.417969 16.160156 35.523438 15.265625 34.417969 15.265625 L 21.578125 15.265625 C 20.476562 15.265625 19.578125 16.160156 19.578125 17.265625 L 19.578125 19.9375 L 11 19.9375 L 11 26.9375 L 19.578125 26.9375 L 19.578125 30.105469 C 19.578125 31.210938 20.476562 32.105469 21.578125 32.105469 L 34.417969 32.105469 C 35.523438 32.105469 36.417969 31.210938 36.417969 30.105469 L 36.417969 26.9375 L 89 26.9375 L 89 19.9375 Z M 58.421875 43.578125 C 58.421875 42.476562 57.527344 41.578125 56.421875 41.578125 L 43.582031 41.578125 C 42.480469 41.578125 41.582031 42.476562 41.582031 43.578125 L 41.582031 46.5 L 11 46.5 L 11 53.5 L 41.582031 53.5 L 41.582031 56.421875 C 41.582031 57.527344 42.480469 58.421875 43.582031 58.421875 L 56.421875 58.421875 C 57.527344 58.421875 58.421875 57.527344 58.421875 56.421875 L 58.421875 53.5 L 89 53.5 L 89 46.5 L 58.421875 46.5 Z M 80.417969 70.140625 C 80.417969 69.035156 79.523438 68.140625 78.417969 68.140625 L 65.578125 68.140625 C 64.476562 68.140625 63.578125 69.035156 63.578125 70.140625 L 63.578125 73.0625 L 11 73.0625 L 11 80.0625 L 63.578125 80.0625 L 63.578125 82.984375 C 63.578125 84.085938 64.476562 84.984375 65.578125 84.984375 L 78.417969 84.984375 C 79.523438 84.984375 80.417969 84.085938 80.417969 82.984375 L 80.417969 80.0625 L 89 80.0625 L 89 73.0625 L 80.417969 73.0625 Z M 80.417969 70.140625\"\/><\/svg><\/a><div class=\"awsm-filter-items\"><div class=\"awsm-filter-item\" data-filter=\"job__category_spec\"><label for=\"awsm-job-category-filter-option-1\" class=\"awsm-sr-only\">All Pozitat<\/label><select name=\"awsm_job_spec[job-category]\" class=\"awsm-filter-option awsm-job-category-filter-option\" id=\"awsm-job-category-filter-option-1\" aria-label=\"All Pozitat\"><option value=\"\">All Pozitat<\/option><option value=\"73\" data-slug=\"anetar-e-i-e-ekipit-kendi-i-ushqimit\">An\u00ebtar\/e i\/e Ekipit - K\u00ebndi i Ushqimit<\/option><option value=\"7\" data-slug=\"arketar-e\">Ark\u00ebtar\/e<\/option><option value=\"10\" data-slug=\"asistent-e-menaxher-e-i-e-pikes\">Asistent \/e Menaxher\/e i\/e Pik\u00ebs<\/option><option value=\"13\" data-slug=\"kamarier-e\">Kamarier\/e<\/option><option value=\"67\" data-slug=\"mbikqyres-e-i-e-pikes-food-service\">Mbikqyr\u00ebs\/e i\/e Pik\u00ebs Food Service<\/option><option value=\"19\" data-slug=\"pergjegjes-e-i-e-nderrimit\">P\u00ebrgjegj\u00ebs\/e i\/e Nd\u00ebrrimit<\/option><option value=\"77\" data-slug=\"pergjegjese-per-fruta-dhe-perime\">P\u00ebrgjegj\u00ebse p\u00ebr Fruta dhe Perime<\/option><option value=\"23\" data-slug=\"sektorist-e\">Sektorist\/e<\/option><option value=\"24\" data-slug=\"shites-e\">Shit\u00ebs\/e<\/option><\/select><\/div><div class=\"awsm-filter-item\" data-filter=\"job__type_spec\"><label for=\"awsm-job-type-filter-option-1\" class=\"awsm-sr-only\">All Oraret<\/label><select name=\"awsm_job_spec[job-type]\" class=\"awsm-filter-option awsm-job-type-filter-option\" id=\"awsm-job-type-filter-option-1\" aria-label=\"All Oraret\"><option value=\"\">All Oraret<\/option><option value=\"26\" data-slug=\"orar-i-plote\">Orar i plot\u00eb<\/option><\/select><\/div><div class=\"awsm-filter-item\" data-filter=\"job__location_spec\"><label for=\"awsm-job-location-filter-option-1\" class=\"awsm-sr-only\">All Lokacionet<\/label><select name=\"awsm_job_spec[job-location]\" class=\"awsm-filter-option awsm-job-location-filter-option\" id=\"awsm-job-location-filter-option-1\" aria-label=\"All Lokacionet\"><option value=\"\">All Lokacionet<\/option><option value=\"66\" data-slug=\"lipjan\">Lipjan<\/option><option value=\"27\" data-slug=\"prishtine\">Prishtin\u00eb<\/option><option value=\"32\" data-slug=\"prizren\">Prizren<\/option><\/select><\/div><\/div><input type=\"hidden\" name=\"action\" value=\"jobfilter\"><\/form><\/div>\n\t\t<div class=\"awsm-job-listings awsm-row awsm-grid-col-3\" data-listings=\"10\">\n\t\t\t\t\t<div class=\"awsm-job-listing-item awsm-grid-item\" id=\"awsm-grid-item-1703\">\t\t<a href=\"https:\/\/www.meridianexpress.com\/jobs\/?awsm_job_openings=pergjegjes-e-per-fruta-dhe-perime\" class=\"awsm-job-item\">\t\t\t<div class=\"awsm-grid-left-col\">\n\t\t\t\t\n\t\t\t\t\n\t\t\t\t<h2 class=\"awsm-job-post-title\">\n\t\t\t\t\tP\u00ebrgjegj\u00ebs\/e p\u00ebr Fruta dhe Perime\t\t\t\t<\/h2>\n\n\t\t\t\t\t\t\t<\/div>\n\n\t\t\t<div class=\"awsm-grid-right-col\">\n\t\t\t\t<div class=\"awsm-job-specification-wrapper\"><div class=\"awsm-job-specification-item awsm-job-specification-job-category\"><i class=\"awsm-job-icon-suitcase\"><\/i><span class=\"awsm-job-specification-term\">P\u00ebrgjegj\u00ebse p\u00ebr Fruta dhe Perime<\/span> <\/div><div class=\"awsm-job-specification-item awsm-job-specification-job-location\"><i class=\"awsm-job-icon-map-marker\"><\/i><span class=\"awsm-job-specification-term\">Lipjan<\/span> <span class=\"awsm-job-specification-term\">Prishtin\u00eb<\/span> <\/div><\/div><div class=\"awsm-job-more-container\"><span class=\"awsm-job-more\">More Details <span><\/span><\/span><\/div>\t\t\t<\/div>\n\t\t<\/a>\t<\/div><div class=\"awsm-job-listing-item awsm-grid-item\" id=\"awsm-grid-item-1967\">\t\t<a href=\"https:\/\/www.meridianexpress.com\/jobs\/?awsm_job_openings=anetar-e-i-e-ekipit-kendi-i-ushqimit\" class=\"awsm-job-item\">\t\t\t<div class=\"awsm-grid-left-col\">\n\t\t\t\t\n\t\t\t\t\n\t\t\t\t<h2 class=\"awsm-job-post-title\">\n\t\t\t\t\tAn\u00ebtar\/e i\/e Ekipit &#8211; K\u00ebndi i Ushqimit\t\t\t\t<\/h2>\n\n\t\t\t\t\t\t\t<\/div>\n\n\t\t\t<div class=\"awsm-grid-right-col\">\n\t\t\t\t<div class=\"awsm-job-specification-wrapper\"><div class=\"awsm-job-specification-item awsm-job-specification-job-category\"><i class=\"awsm-job-icon-suitcase\"><\/i><span class=\"awsm-job-specification-term\">An\u00ebtar\/e i\/e Ekipit - K\u00ebndi i Ushqimit<\/span> <\/div><div class=\"awsm-job-specification-item awsm-job-specification-job-location\"><i class=\"awsm-job-icon-map-marker\"><\/i><span class=\"awsm-job-specification-term\">Prishtin\u00eb<\/span> <\/div><\/div><div class=\"awsm-job-more-container\"><span class=\"awsm-job-more\">More Details <span><\/span><\/span><\/div>\t\t\t<\/div>\n\t\t<\/a>\t<\/div><div class=\"awsm-job-listing-item awsm-grid-item\" id=\"awsm-grid-item-1166\">\t\t<a href=\"https:\/\/www.meridianexpress.com\/jobs\/?awsm_job_openings=arketar-e\" class=\"awsm-job-item\">\t\t\t<div class=\"awsm-grid-left-col\">\n\t\t\t\t\n\t\t\t\t\n\t\t\t\t<h2 class=\"awsm-job-post-title\">\n\t\t\t\t\tArk\u00ebtar\/e\t\t\t\t<\/h2>\n\n\t\t\t\t\t\t\t<\/div>\n\n\t\t\t<div class=\"awsm-grid-right-col\">\n\t\t\t\t<div class=\"awsm-job-specification-wrapper\"><div class=\"awsm-job-specification-item awsm-job-specification-job-category\"><i class=\"awsm-job-icon-suitcase\"><\/i><span class=\"awsm-job-specification-term\">Ark\u00ebtar\/e<\/span> <\/div><div class=\"awsm-job-specification-item awsm-job-specification-job-location\"><i class=\"awsm-job-icon-map-marker\"><\/i><span class=\"awsm-job-specification-term\">Lipjan<\/span> <span class=\"awsm-job-specification-term\">Prishtin\u00eb<\/span> <span class=\"awsm-job-specification-term\">Prizren<\/span> <\/div><\/div><div class=\"awsm-job-more-container\"><span class=\"awsm-job-more\">More Details <span><\/span><\/span><\/div>\t\t\t<\/div>\n\t\t<\/a>\t<\/div><div class=\"awsm-job-listing-item awsm-grid-item\" id=\"awsm-grid-item-1182\">\t\t<a href=\"https:\/\/www.meridianexpress.com\/jobs\/?awsm_job_openings=shites-e\" class=\"awsm-job-item\">\t\t\t<div class=\"awsm-grid-left-col\">\n\t\t\t\t\n\t\t\t\t\n\t\t\t\t<h2 class=\"awsm-job-post-title\">\n\t\t\t\t\tShit\u00ebs\/e\t\t\t\t<\/h2>\n\n\t\t\t\t\t\t\t<\/div>\n\n\t\t\t<div class=\"awsm-grid-right-col\">\n\t\t\t\t<div class=\"awsm-job-specification-wrapper\"><div class=\"awsm-job-specification-item awsm-job-specification-job-category\"><i class=\"awsm-job-icon-suitcase\"><\/i><span class=\"awsm-job-specification-term\">Shit\u00ebs\/e<\/span> <\/div><div class=\"awsm-job-specification-item awsm-job-specification-job-location\"><i class=\"awsm-job-icon-map-marker\"><\/i><span class=\"awsm-job-specification-term\">Prishtin\u00eb<\/span> <\/div><\/div><div class=\"awsm-job-more-container\"><span class=\"awsm-job-more\">More Details <span><\/span><\/span><\/div>\t\t\t<\/div>\n\t\t<\/a>\t<\/div><div class=\"awsm-job-listing-item awsm-grid-item\" id=\"awsm-grid-item-1168\">\t\t<a href=\"https:\/\/www.meridianexpress.com\/jobs\/?awsm_job_openings=pastrues-e\" class=\"awsm-job-item\">\t\t\t<div class=\"awsm-grid-left-col\">\n\t\t\t\t\n\t\t\t\t\n\t\t\t\t<h2 class=\"awsm-job-post-title\">\n\t\t\t\t\tMir\u00ebmbajt\u00ebs\/e i\/e Higjien\u00ebs\t\t\t\t<\/h2>\n\n\t\t\t\t\t\t\t<\/div>\n\n\t\t\t<div class=\"awsm-grid-right-col\">\n\t\t\t\t<div class=\"awsm-job-specification-wrapper\"><div class=\"awsm-job-specification-item awsm-job-specification-job-location\"><i class=\"awsm-job-icon-map-marker\"><\/i><span class=\"awsm-job-specification-term\">Prishtin\u00eb<\/span> <\/div><\/div><div class=\"awsm-job-more-container\"><span class=\"awsm-job-more\">More Details <span><\/span><\/span><\/div>\t\t\t<\/div>\n\t\t<\/a>\t<\/div><div class=\"awsm-job-listing-item awsm-grid-item\" id=\"awsm-grid-item-1163\">\t\t<a href=\"https:\/\/www.meridianexpress.com\/jobs\/?awsm_job_openings=asistent-e-menaxher-e-i-e-pikes\" class=\"awsm-job-item\">\t\t\t<div class=\"awsm-grid-left-col\">\n\t\t\t\t\n\t\t\t\t\n\t\t\t\t<h2 class=\"awsm-job-post-title\">\n\t\t\t\t\tAsistent\/e Menaxher\/e i\/e Pik\u00ebs\t\t\t\t<\/h2>\n\n\t\t\t\t\t\t\t<\/div>\n\n\t\t\t<div class=\"awsm-grid-right-col\">\n\t\t\t\t<div class=\"awsm-job-specification-wrapper\"><div class=\"awsm-job-specification-item awsm-job-specification-job-category\"><i class=\"awsm-job-icon-suitcase\"><\/i><span class=\"awsm-job-specification-term\">Asistent \/e Menaxher\/e i\/e Pik\u00ebs<\/span> <\/div><div class=\"awsm-job-specification-item awsm-job-specification-job-location\"><i class=\"awsm-job-icon-map-marker\"><\/i><span class=\"awsm-job-specification-term\">Prishtin\u00eb<\/span> <\/div><\/div><div class=\"awsm-job-more-container\"><span class=\"awsm-job-more\">More Details <span><\/span><\/span><\/div>\t\t\t<\/div>\n\t\t<\/a>\t<\/div><div class=\"awsm-job-listing-item awsm-grid-item\" id=\"awsm-grid-item-1158\">\t\t<a href=\"https:\/\/www.meridianexpress.com\/jobs\/?awsm_job_openings=pergjegjes-e-i-e-nderrimit\" class=\"awsm-job-item\">\t\t\t<div class=\"awsm-grid-left-col\">\n\t\t\t\t\n\t\t\t\t\n\t\t\t\t<h2 class=\"awsm-job-post-title\">\n\t\t\t\t\tP\u00ebrgjegj\u00ebs\/e i\/e Nd\u00ebrrimit\t\t\t\t<\/h2>\n\n\t\t\t\t\t\t\t<\/div>\n\n\t\t\t<div class=\"awsm-grid-right-col\">\n\t\t\t\t<div class=\"awsm-job-specification-wrapper\"><div class=\"awsm-job-specification-item awsm-job-specification-job-category\"><i class=\"awsm-job-icon-suitcase\"><\/i><span class=\"awsm-job-specification-term\">P\u00ebrgjegj\u00ebs\/e i\/e Nd\u00ebrrimit<\/span> <\/div><div class=\"awsm-job-specification-item awsm-job-specification-job-location\"><i class=\"awsm-job-icon-map-marker\"><\/i><span class=\"awsm-job-specification-term\">Prishtin\u00eb<\/span> <\/div><\/div><div class=\"awsm-job-more-container\"><span class=\"awsm-job-more\">More Details <span><\/span><\/span><\/div>\t\t\t<\/div>\n\t\t<\/a>\t<\/div><div class=\"awsm-job-listing-item awsm-grid-item\" id=\"awsm-grid-item-1154\">\t\t<a href=\"https:\/\/www.meridianexpress.com\/jobs\/?awsm_job_openings=sektorist-e\" class=\"awsm-job-item\">\t\t\t<div class=\"awsm-grid-left-col\">\n\t\t\t\t\n\t\t\t\t\n\t\t\t\t<h2 class=\"awsm-job-post-title\">\n\t\t\t\t\tSektorist\/e\t\t\t\t<\/h2>\n\n\t\t\t\t\t\t\t<\/div>\n\n\t\t\t<div class=\"awsm-grid-right-col\">\n\t\t\t\t<div class=\"awsm-job-specification-wrapper\"><div class=\"awsm-job-specification-item awsm-job-specification-job-category\"><i class=\"awsm-job-icon-suitcase\"><\/i><span class=\"awsm-job-specification-term\">Sektorist\/e<\/span> <\/div><div class=\"awsm-job-specification-item awsm-job-specification-job-location\"><i class=\"awsm-job-icon-map-marker\"><\/i><span class=\"awsm-job-specification-term\">Lipjan<\/span> <span class=\"awsm-job-specification-term\">Prishtin\u00eb<\/span> <\/div><\/div><div class=\"awsm-job-more-container\"><span class=\"awsm-job-more\">More Details <span><\/span><\/span><\/div>\t\t\t<\/div>\n\t\t<\/a>\t<\/div><div class=\"awsm-job-listing-item awsm-grid-item\" id=\"awsm-grid-item-1186\">\t\t<a href=\"https:\/\/www.meridianexpress.com\/jobs\/?awsm_job_openings=kamarier-e\" class=\"awsm-job-item\">\t\t\t<div class=\"awsm-grid-left-col\">\n\t\t\t\t\n\t\t\t\t\n\t\t\t\t<h2 class=\"awsm-job-post-title\">\n\t\t\t\t\tKamarier\/e\t\t\t\t<\/h2>\n\n\t\t\t\t\t\t\t<\/div>\n\n\t\t\t<div class=\"awsm-grid-right-col\">\n\t\t\t\t<div class=\"awsm-job-specification-wrapper\"><div class=\"awsm-job-specification-item awsm-job-specification-job-category\"><i class=\"awsm-job-icon-suitcase\"><\/i><span class=\"awsm-job-specification-term\">Kamarier\/e<\/span> <\/div><div class=\"awsm-job-specification-item awsm-job-specification-job-location\"><i class=\"awsm-job-icon-map-marker\"><\/i><span class=\"awsm-job-specification-term\">Prishtin\u00eb<\/span> <\/div><\/div><div class=\"awsm-job-more-container\"><span class=\"awsm-job-more\">More Details <span><\/span><\/span><\/div>\t\t\t<\/div>\n\t\t<\/a>\t<\/div><div class=\"awsm-job-listing-item awsm-grid-item\" id=\"awsm-grid-item-1171\">\t\t<a href=\"https:\/\/www.meridianexpress.com\/jobs\/?awsm_job_openings=mbikeqyres-e-i-e-pikes-food-service\" class=\"awsm-job-item\">\t\t\t<div class=\"awsm-grid-left-col\">\n\t\t\t\t\n\t\t\t\t\n\t\t\t\t<h2 class=\"awsm-job-post-title\">\n\t\t\t\t\tMbik\u00ebqyr\u00ebs\/e i\/e Pik\u00ebs Food Service\t\t\t\t<\/h2>\n\n\t\t\t\t\t\t\t<\/div>\n\n\t\t\t<div class=\"awsm-grid-right-col\">\n\t\t\t\t<div class=\"awsm-job-specification-wrapper\"><div class=\"awsm-job-specification-item awsm-job-specification-job-category\"><i class=\"awsm-job-icon-suitcase\"><\/i><span class=\"awsm-job-specification-term\">Mbikqyr\u00ebs\/e i\/e Pik\u00ebs Food Service<\/span> <\/div><div class=\"awsm-job-specification-item awsm-job-specification-job-location\"><i class=\"awsm-job-icon-map-marker\"><\/i><span class=\"awsm-job-specification-term\">Prishtin\u00eb<\/span> <\/div><\/div><div class=\"awsm-job-more-container\"><span class=\"awsm-job-more\">More Details <span><\/span><\/span><\/div>\t\t\t<\/div>\n\t\t<\/a>\t<\/div>\t\t\t\t<\/div>\n\t<\/div>\n\n","protected":false},"excerpt":{"rendered":"","protected":false},"author":1,"featured_media":0,"parent":0,"menu_order":0,"comment_status":"closed","ping_status":"closed","template":"","meta":{"site-sidebar-layout":"default","site-content-layout":"","ast-site-content-layout":"default","site-content-style":"default","site-sidebar-style":"default","ast-global-header-display":"","ast-banner-title-visibility":"","ast-main-header-display":"","ast-hfb-above-header-display":"","ast-hfb-below-header-display":"","ast-hfb-mobile-header-display":"","site-post-title":"","ast-breadcrumbs-content":"","ast-featured-img":"","footer-sml-layout":"","ast-disable-related-posts":"","theme-transparent-header-meta":"","adv-header-id-meta":"","stick-header-meta":"","header-above-stick-meta":"","header-main-stick-meta":"","header-below-stick-meta":"","astra-migrate-meta-layouts":"default","ast-page-background-enabled":"default","ast-page-background-meta":{"desktop":{"background-color":"var(--ast-global-color-4)","background-image":"","background-repeat":"repeat","background-position":"center center","background-size":"auto","background-attachment":"scroll","background-type":"","background-media":"","overlay-type":"","overlay-color":"","overlay-opacity":"","overlay-gradient":""},"tablet":{"background-color":"","background-image":"","background-repeat":"repeat","background-position":"center center","background-size":"auto","background-attachment":"scroll","background-type":"","background-media":"","overlay-type":"","overlay-color":"","overlay-opacity":"","overlay-gradient":""},"mobile":{"background-color":"","background-image":"","background-repeat":"repeat","background-position":"center center","background-size":"auto","background-attachment":"scroll","background-type":"","background-media":"","overlay-type":"","overlay-color":"","overlay-opacity":"","overlay-gradient":""}},"ast-content-background-meta":{"desktop":{"background-color":"var(--ast-global-color-5)","background-image":"","background-repeat":"repeat","background-position":"center center","background-size":"auto","background-attachment":"scroll","background-type":"","background-media":"","overlay-type":"","overlay-color":"","overlay-opacity":"","overlay-gradient":""},"tablet":{"background-color":"var(--ast-global-color-5)","background-image":"","background-repeat":"repeat","background-position":"center center","background-size":"auto","background-attachment":"scroll","background-type":"","background-media":"","overlay-type":"","overlay-color":"","overlay-opacity":"","overlay-gradient":""},"mobile":{"background-color":"var(--ast-global-color-5)","background-image":"","background-repeat":"repeat","background-position":"center center","background-size":"auto","background-attachment":"scroll","background-type":"","background-media":"","overlay-type":"","overlay-color":"","overlay-opacity":"","overlay-gradient":""}},"footnotes":""},"class_list":["post-6","page","type-page","status-publish","hentry"],"yoast_head":"<!-- This site is optimized with the Yoast SEO plugin v27.5 - https:\/\/yoast.com\/product\/yoast-seo-wordpress\/ -->\n<title>-<\/title>\n<meta name=\"robots\" content=\"index, follow, max-snippet:-1, max-image-preview:large, max-video-preview:-1\" \/>\n<link rel=\"canonical\" href=\"http:\/\/www.meridianexpress.com\/jobs\/\" \/>\n<meta property=\"og:locale\" content=\"en_US\" \/>\n<meta property=\"og:type\" content=\"article\" \/>\n<meta property=\"og:title\" content=\"-\" \/>\n<meta property=\"og:url\" content=\"http:\/\/www.meridianexpress.com\/jobs\/\" \/>\n<meta property=\"article:modified_time\" content=\"2024-03-06T12:54:56+00:00\" \/>\n<meta property=\"og:image\" content=\"http:\/\/www.meridianexpress.com\/jobs\/wp-content\/uploads\/2023\/12\/Baner_apliko_web-002.png\" \/>\n<meta name=\"twitter:card\" content=\"summary_large_image\" \/>\n<meta name=\"twitter:label1\" content=\"Est. reading time\" \/>\n\t<meta name=\"twitter:data1\" content=\"1 minute\" \/>\n<script type=\"application\/ld+json\" class=\"yoast-schema-graph\">{\"@context\":\"https:\\\/\\\/schema.org\",\"@graph\":[{\"@type\":\"WebPage\",\"@id\":\"http:\\\/\\\/www.meridianexpress.com\\\/jobs\\\/\",\"url\":\"http:\\\/\\\/www.meridianexpress.com\\\/jobs\\\/\",\"name\":\"-\",\"isPartOf\":{\"@id\":\"http:\\\/\\\/www.meridianexpress.com\\\/jobs\\\/#website\"},\"primaryImageOfPage\":{\"@id\":\"http:\\\/\\\/www.meridianexpress.com\\\/jobs\\\/#primaryimage\"},\"image\":{\"@id\":\"http:\\\/\\\/www.meridianexpress.com\\\/jobs\\\/#primaryimage\"},\"thumbnailUrl\":\"http:\\\/\\\/www.meridianexpress.com\\\/jobs\\\/wp-content\\\/uploads\\\/2023\\\/12\\\/Baner_apliko_web-002.png\",\"datePublished\":\"2023-12-06T13:30:36+00:00\",\"dateModified\":\"2024-03-06T12:54:56+00:00\",\"inLanguage\":\"en\",\"potentialAction\":[{\"@type\":\"ReadAction\",\"target\":[\"http:\\\/\\\/www.meridianexpress.com\\\/jobs\\\/\"]}]},{\"@type\":\"ImageObject\",\"inLanguage\":\"en\",\"@id\":\"http:\\\/\\\/www.meridianexpress.com\\\/jobs\\\/#primaryimage\",\"url\":\"http:\\\/\\\/www.meridianexpress.com\\\/jobs\\\/wp-content\\\/uploads\\\/2023\\\/12\\\/Baner_apliko_web-002.png\",\"contentUrl\":\"http:\\\/\\\/www.meridianexpress.com\\\/jobs\\\/wp-content\\\/uploads\\\/2023\\\/12\\\/Baner_apliko_web-002.png\"},{\"@type\":\"WebSite\",\"@id\":\"http:\\\/\\\/www.meridianexpress.com\\\/jobs\\\/#website\",\"url\":\"http:\\\/\\\/www.meridianexpress.com\\\/jobs\\\/\",\"name\":\"\",\"description\":\"Jobs\",\"potentialAction\":[{\"@type\":\"SearchAction\",\"target\":{\"@type\":\"EntryPoint\",\"urlTemplate\":\"http:\\\/\\\/www.meridianexpress.com\\\/jobs\\\/?s={search_term_string}\"},\"query-input\":{\"@type\":\"PropertyValueSpecification\",\"valueRequired\":true,\"valueName\":\"search_term_string\"}}],\"inLanguage\":\"en\"}]}<\/script>\n<!-- \/ Yoast SEO plugin. -->","yoast_head_json":{"title":"-","robots":{"index":"index","follow":"follow","max-snippet":"max-snippet:-1","max-image-preview":"max-image-preview:large","max-video-preview":"max-video-preview:-1"},"canonical":"http:\/\/www.meridianexpress.com\/jobs\/","og_locale":"en_US","og_type":"article","og_title":"-","og_url":"http:\/\/www.meridianexpress.com\/jobs\/","article_modified_time":"2024-03-06T12:54:56+00:00","og_image":[{"url":"http:\/\/www.meridianexpress.com\/jobs\/wp-content\/uploads\/2023\/12\/Baner_apliko_web-002.png","type":"","width":"","height":""}],"twitter_card":"summary_large_image","twitter_misc":{"Est. reading time":"1 minute"},"schema":{"@context":"https:\/\/schema.org","@graph":[{"@type":"WebPage","@id":"http:\/\/www.meridianexpress.com\/jobs\/","url":"http:\/\/www.meridianexpress.com\/jobs\/","name":"-","isPartOf":{"@id":"http:\/\/www.meridianexpress.com\/jobs\/#website"},"primaryImageOfPage":{"@id":"http:\/\/www.meridianexpress.com\/jobs\/#primaryimage"},"image":{"@id":"http:\/\/www.meridianexpress.com\/jobs\/#primaryimage"},"thumbnailUrl":"http:\/\/www.meridianexpress.com\/jobs\/wp-content\/uploads\/2023\/12\/Baner_apliko_web-002.png","datePublished":"2023-12-06T13:30:36+00:00","dateModified":"2024-03-06T12:54:56+00:00","inLanguage":"en","potentialAction":[{"@type":"ReadAction","target":["http:\/\/www.meridianexpress.com\/jobs\/"]}]},{"@type":"ImageObject","inLanguage":"en","@id":"http:\/\/www.meridianexpress.com\/jobs\/#primaryimage","url":"http:\/\/www.meridianexpress.com\/jobs\/wp-content\/uploads\/2023\/12\/Baner_apliko_web-002.png","contentUrl":"http:\/\/www.meridianexpress.com\/jobs\/wp-content\/uploads\/2023\/12\/Baner_apliko_web-002.png"},{"@type":"WebSite","@id":"http:\/\/www.meridianexpress.com\/jobs\/#website","url":"http:\/\/www.meridianexpress.com\/jobs\/","name":"","description":"Jobs","potentialAction":[{"@type":"SearchAction","target":{"@type":"EntryPoint","urlTemplate":"http:\/\/www.meridianexpress.com\/jobs\/?s={search_term_string}"},"query-input":{"@type":"PropertyValueSpecification","valueRequired":true,"valueName":"search_term_string"}}],"inLanguage":"en"}]}},"_links":{"self":[{"href":"https:\/\/www.meridianexpress.com\/jobs\/index.php?rest_route=\/wp\/v2\/pages\/6","targetHints":{"allow":["GET"]}}],"collection":[{"href":"https:\/\/www.meridianexpress.com\/jobs\/index.php?rest_route=\/wp\/v2\/pages"}],"about":[{"href":"https:\/\/www.meridianexpress.com\/jobs\/index.php?rest_route=\/wp\/v2\/types\/page"}],"author":[{"embeddable":true,"href":"https:\/\/www.meridianexpress.com\/jobs\/index.php?rest_route=\/wp\/v2\/users\/1"}],"replies":[{"embeddable":true,"href":"https:\/\/www.meridianexpress.com\/jobs\/index.php?rest_route=%2Fwp%2Fv2%2Fcomments&post=6"}],"version-history":[{"count":6,"href":"https:\/\/www.meridianexpress.com\/jobs\/index.php?rest_route=\/wp\/v2\/pages\/6\/revisions"}],"predecessor-version":[{"id":1573,"href":"https:\/\/www.meridianexpress.com\/jobs\/index.php?rest_route=\/wp\/v2\/pages\/6\/revisions\/1573"}],"wp:attachment":[{"href":"https:\/\/www.meridianexpress.com\/jobs\/index.php?rest_route=%2Fwp%2Fv2%2Fmedia&parent=6"}],"curies":[{"name":"wp","href":"https:\/\/api.w.org\/{rel}","templated":true}]}}